{"id":31,"date":"2020-06-17T21:28:33","date_gmt":"2020-06-17T19:28:33","guid":{"rendered":"http:\/\/www.dorimex.pl\/?page_id=31"},"modified":"2024-05-12T19:54:00","modified_gmt":"2024-05-12T17:54:00","slug":"31-2","status":"publish","type":"page","link":"https:\/\/www.dorimex.pl\/?page_id=31","title":{"rendered":"Kontakt"},"content":{"rendered":"<p>[et_pb_section fb_built=&#8221;1&#8243; _builder_version=&#8221;4.4.8&#8243; background_color=&#8221;rgba(0,0,0,0)&#8221;][et_pb_row column_structure=&#8221;1_2,1_2&#8243; _builder_version=&#8221;4.4.8&#8243;][et_pb_column type=&#8221;1_2&#8243; _builder_version=&#8221;4.4.8&#8243;][et_pb_code _builder_version=&#8221;4.4.8&#8243; width=&#8221;510px&#8221; max_width=&#8221;510px&#8221; min_height=&#8221;520px&#8221; height=&#8221;520px&#8221; custom_margin=&#8221;||||false|false&#8221; custom_padding=&#8221;||0px||false|false&#8221; box_shadow_style=&#8221;preset2&#8243;]<iframe loading=\"lazy\" src=\"https:\/\/www.google.com\/maps\/embed?pb=!1m14!1m8!1m3!1d4938.256451986316!2d19.453423!3d51.767263!3m2!1i1024!2i768!4f13.1!3m3!1m2!1s0x0%3A0xca0a5d44975b5787!2sDorimex.%20Producent%20toreb%2C%20plecak%C3%B3w%20i%20gad%C5%BCet%C3%B3w%20reklamowych!5e0!3m2!1spl!2spl!4v1592421149557!5m2!1spl!2spl\" width=\"520\" height=\"520\" frameborder=\"0\" style=\"border:0;\" allowfullscreen=\"\" aria-hidden=\"false\" tabindex=\"0\"><\/iframe>[\/et_pb_code][\/et_pb_column][et_pb_column type=&#8221;1_2&#8243; _builder_version=&#8221;4.4.8&#8243;][et_pb_text _builder_version=&#8221;4.4.8&#8243; text_font=&#8221;|800|||||||&#8221; text_text_color=&#8221;#0C71C3&#8243; text_font_size=&#8221;47px&#8221; text_text_shadow_style=&#8221;preset1&#8243;]<\/p>\n<p>\u00a0P.P.H.U Dorimex<\/p>\n<p>[\/et_pb_text][et_pb_text _builder_version=&#8221;4.4.8&#8243; text_text_color=&#8221;#ffffff&#8221; text_font_size=&#8221;24px&#8221; text_line_height=&#8221;1.8em&#8221; text_text_shadow_style=&#8221;preset1&#8243;]<\/p>\n<p>al.Ko\u015bciuszki 23\/25<br \/> 90-418 \u0141\u00f3d\u017a<br \/> tel. 602 223 709<\/p>\n<p>[\/et_pb_text][et_pb_contact_form captcha=&#8221;off&#8221; email=&#8221;slawkot@outlook.com&#8221; title=&#8221;Kontakt&#8221; custom_message=&#8221;TEST&#8221; success_message=&#8221;Wiadomo\u015b\u0107 wys\u0142ana!&#8221; submit_button_text=&#8221;Wy\u015blij&#8221; _builder_version=&#8221;4.4.8&#8243; form_field_background_color=&#8221;rgba(33,35,78,0.52)&#8221; form_field_text_color=&#8221;#ffffff&#8221; form_field_focus_background_color=&#8221;rgba(33,35,78,0.52)&#8221; form_field_focus_text_color=&#8221;#ffffff&#8221; title_text_color=&#8221;#000000&#8243; title_font_size=&#8221;25px&#8221; title_letter_spacing=&#8221;10px&#8221; captcha_text_color=&#8221;#ffffff&#8221; captcha_font_size=&#8221;28px&#8221; background_color=&#8221;rgba(0,0,0,0)&#8221; custom_button=&#8221;on&#8221; button_text_color=&#8221;#ffffff&#8221; title_text_shadow_style=&#8221;preset1&#8243; captcha_text_shadow_style=&#8221;preset1&#8243; form_field_text_shadow_style=&#8221;preset1&#8243; form_field_text_shadow_color=&#8221;rgba(0,0,0,0)&#8221; button_text_shadow_style=&#8221;preset2&#8243; box_shadow_style=&#8221;preset1&#8243; disabled_on=&#8221;on|on|on&#8221; disabled=&#8221;on&#8221;][et_pb_contact_field field_id=&#8221;Name&#8221; field_title=&#8221;Nazwa&#8221; _builder_version=&#8221;3.16&#8243; button_text_size__hover_enabled=&#8221;off&#8221; button_one_text_size__hover_enabled=&#8221;off&#8221; button_two_text_size__hover_enabled=&#8221;off&#8221; button_text_color__hover_enabled=&#8221;off&#8221; button_one_text_color__hover_enabled=&#8221;off&#8221; button_two_text_color__hover_enabled=&#8221;off&#8221; button_border_width__hover_enabled=&#8221;off&#8221; button_one_border_width__hover_enabled=&#8221;off&#8221; button_two_border_width__hover_enabled=&#8221;off&#8221; button_border_color__hover_enabled=&#8221;off&#8221; button_one_border_color__hover_enabled=&#8221;off&#8221; button_two_border_color__hover_enabled=&#8221;off&#8221; button_border_radius__hover_enabled=&#8221;off&#8221; button_one_border_radius__hover_enabled=&#8221;off&#8221; button_two_border_radius__hover_enabled=&#8221;off&#8221; button_letter_spacing__hover_enabled=&#8221;off&#8221; button_one_letter_spacing__hover_enabled=&#8221;off&#8221; button_two_letter_spacing__hover_enabled=&#8221;off&#8221; button_bg_color__hover_enabled=&#8221;off&#8221; button_one_bg_color__hover_enabled=&#8221;off&#8221; button_two_bg_color__hover_enabled=&#8221;off&#8221;][\/et_pb_contact_field][et_pb_contact_field field_id=&#8221;Email&#8221; field_title=&#8221;Adres mejlowy&#8221; field_type=&#8221;email&#8221; _builder_version=&#8221;3.16&#8243; button_text_size__hover_enabled=&#8221;off&#8221; button_one_text_size__hover_enabled=&#8221;off&#8221; button_two_text_size__hover_enabled=&#8221;off&#8221; button_text_color__hover_enabled=&#8221;off&#8221; button_one_text_color__hover_enabled=&#8221;off&#8221; button_two_text_color__hover_enabled=&#8221;off&#8221; button_border_width__hover_enabled=&#8221;off&#8221; button_one_border_width__hover_enabled=&#8221;off&#8221; button_two_border_width__hover_enabled=&#8221;off&#8221; button_border_color__hover_enabled=&#8221;off&#8221; button_one_border_color__hover_enabled=&#8221;off&#8221; button_two_border_color__hover_enabled=&#8221;off&#8221; button_border_radius__hover_enabled=&#8221;off&#8221; button_one_border_radius__hover_enabled=&#8221;off&#8221; button_two_border_radius__hover_enabled=&#8221;off&#8221; button_letter_spacing__hover_enabled=&#8221;off&#8221; button_one_letter_spacing__hover_enabled=&#8221;off&#8221; button_two_letter_spacing__hover_enabled=&#8221;off&#8221; button_bg_color__hover_enabled=&#8221;off&#8221; button_one_bg_color__hover_enabled=&#8221;off&#8221; button_two_bg_color__hover_enabled=&#8221;off&#8221;][\/et_pb_contact_field][et_pb_contact_field field_id=&#8221;Message&#8221; field_title=&#8221;Wiadomo\u015b\u0107&#8221; field_type=&#8221;text&#8221; fullwidth_field=&#8221;on&#8221; _builder_version=&#8221;3.16&#8243; button_text_size__hover_enabled=&#8221;off&#8221; button_one_text_size__hover_enabled=&#8221;off&#8221; button_two_text_size__hover_enabled=&#8221;off&#8221; button_text_color__hover_enabled=&#8221;off&#8221; button_one_text_color__hover_enabled=&#8221;off&#8221; button_two_text_color__hover_enabled=&#8221;off&#8221; button_border_width__hover_enabled=&#8221;off&#8221; button_one_border_width__hover_enabled=&#8221;off&#8221; button_two_border_width__hover_enabled=&#8221;off&#8221; button_border_color__hover_enabled=&#8221;off&#8221; button_one_border_color__hover_enabled=&#8221;off&#8221; button_two_border_color__hover_enabled=&#8221;off&#8221; button_border_radius__hover_enabled=&#8221;off&#8221; button_one_border_radius__hover_enabled=&#8221;off&#8221; button_two_border_radius__hover_enabled=&#8221;off&#8221; button_letter_spacing__hover_enabled=&#8221;off&#8221; button_one_letter_spacing__hover_enabled=&#8221;off&#8221; button_two_letter_spacing__hover_enabled=&#8221;off&#8221; button_bg_color__hover_enabled=&#8221;off&#8221; button_one_bg_color__hover_enabled=&#8221;off&#8221; button_two_bg_color__hover_enabled=&#8221;off&#8221;][\/et_pb_contact_field][\/et_pb_contact_form][\/et_pb_column][\/et_pb_row][\/et_pb_section]<\/p>\n","protected":false},"excerpt":{"rendered":"<p>[et_pb_section fb_built=&#8221;1&#8243; _builder_version=&#8221;4.4.8&#8243; background_color=&#8221;rgba(0,0,0,0)&#8221;][et_pb_row column_structure=&#8221;1_2,1_2&#8243; _builder_version=&#8221;4.4.8&#8243;][et_pb_column type=&#8221;1_2&#8243; _builder_version=&#8221;4.4.8&#8243;][et_pb_code _builder_version=&#8221;4.4.8&#8243; width=&#8221;510px&#8221; max_width=&#8221;510px&#8221; min_height=&#8221;520px&#8221; height=&#8221;520px&#8221; custom_margin=&#8221;||||false|false&#8221; custom_padding=&#8221;||0px||false|false&#8221; box_shadow_style=&#8221;preset2&#8243;][\/et_pb_code][\/et_pb_column][et_pb_column type=&#8221;1_2&#8243; _builder_version=&#8221;4.4.8&#8243;][et_pb_text _builder_version=&#8221;4.4.8&#8243; text_font=&#8221;|800|||||||&#8221; text_text_color=&#8221;#0C71C3&#8243; text_font_size=&#8221;47px&#8221; text_text_shadow_style=&#8221;preset1&#8243;] \u00a0P.P.H.U Dorimex [\/et_pb_text][et_pb_text _builder_version=&#8221;4.4.8&#8243; text_text_color=&#8221;#ffffff&#8221; text_font_size=&#8221;24px&#8221; text_line_height=&#8221;1.8em&#8221; text_text_shadow_style=&#8221;preset1&#8243;] al.Ko\u015bciuszki 23\/25 90-418 \u0141\u00f3d\u017a tel. 602 223 709 [\/et_pb_text][et_pb_contact_form captcha=&#8221;off&#8221; email=&#8221;slawkot@outlook.com&#8221; title=&#8221;Kontakt&#8221; custom_message=&#8221;TEST&#8221; success_message=&#8221;Wiadomo\u015b\u0107 wys\u0142ana!&#8221; submit_button_text=&#8221;Wy\u015blij&#8221; _builder_version=&#8221;4.4.8&#8243; form_field_background_color=&#8221;rgba(33,35,78,0.52)&#8221; form_field_text_color=&#8221;#ffffff&#8221; form_field_focus_background_color=&#8221;rgba(33,35,78,0.52)&#8221; form_field_focus_text_color=&#8221;#ffffff&#8221; title_text_color=&#8221;#000000&#8243; title_font_size=&#8221;25px&#8221; title_letter_spacing=&#8221;10px&#8221; [&hellip;]<\/p>\n","protected":false},"author":1,"featured_media":0,"parent":0,"menu_order":0,"comment_status":"closed","ping_status":"closed","template":"","meta":{"_et_pb_use_builder":"on","_et_pb_old_content":"","_et_gb_content_width":"","footnotes":""},"_links":{"self":[{"href":"https:\/\/www.dorimex.pl\/index.php?rest_route=\/wp\/v2\/pages\/31"}],"collection":[{"href":"https:\/\/www.dorimex.pl\/index.php?rest_route=\/wp\/v2\/pages"}],"about":[{"href":"https:\/\/www.dorimex.pl\/index.php?rest_route=\/wp\/v2\/types\/page"}],"author":[{"embeddable":true,"href":"https:\/\/www.dorimex.pl\/index.php?rest_route=\/wp\/v2\/users\/1"}],"replies":[{"embeddable":true,"href":"https:\/\/www.dorimex.pl\/index.php?rest_route=%2Fwp%2Fv2%2Fcomments&post=31"}],"version-history":[{"count":11,"href":"https:\/\/www.dorimex.pl\/index.php?rest_route=\/wp\/v2\/pages\/31\/revisions"}],"predecessor-version":[{"id":69,"href":"https:\/\/www.dorimex.pl\/index.php?rest_route=\/wp\/v2\/pages\/31\/revisions\/69"}],"wp:attachment":[{"href":"https:\/\/www.dorimex.pl\/index.php?rest_route=%2Fwp%2Fv2%2Fmedia&parent=31"}],"curies":[{"name":"wp","href":"https:\/\/api.w.org\/{rel}","templated":true}]}}